{"id":8365,"date":"2025-10-16T04:21:05","date_gmt":"2025-10-16T02:21:05","guid":{"rendered":"https:\/\/playa.lu\/?page_id=8365"},"modified":"2026-02-13T16:21:54","modified_gmt":"2026-02-13T15:21:54","slug":"resident-djs-guests","status":"publish","type":"page","link":"https:\/\/playa.lu\/fr\/resident-djs-guests\/","title":{"rendered":"DJs R\u00e9sidents &amp; Invit\u00e9s"},"content":{"rendered":"<div data-elementor-type=\"wp-page\" data-elementor-id=\"8365\" class=\"elementor elementor-8365\">\n\t\t\t\t<div class=\"elementor-element elementor-element-49c74a7 e-flex e-con-boxed e-con e-parent\" data-id=\"49c74a7\" data-element_type=\"container\" data-e-type=\"container\">\n\t\t\t\t\t<div class=\"e-con-inner\">\n\t\t\t\t<div class=\"elementor-element elementor-element-ad6a7b3 elementor-widget elementor-widget-image\" data-id=\"ad6a7b3\" data-element_type=\"widget\" data-e-type=\"widget\" data-widget_type=\"image.default\">\n\t\t\t\t<div class=\"elementor-widget-container\">\n\t\t\t\t\t\t\t\t\t\t\t\t\t\t\t<img fetchpriority=\"high\" decoding=\"async\" width=\"950\" height=\"950\" src=\"https:\/\/i0.wp.com\/playa.lu\/wp-content\/uploads\/2025\/10\/dj-traveltime.jpg?fit=950%2C950&amp;ssl=1\" class=\"attachment-large size-large wp-image-8368\" alt=\"\" srcset=\"https:\/\/i0.wp.com\/playa.lu\/wp-content\/uploads\/2025\/10\/dj-traveltime.jpg?w=1080&amp;ssl=1 1080w, https:\/\/i0.wp.com\/playa.lu\/wp-content\/uploads\/2025\/10\/dj-traveltime.jpg?resize=300%2C300&amp;ssl=1 300w, https:\/\/i0.wp.com\/playa.lu\/wp-content\/uploads\/2025\/10\/dj-traveltime.jpg?resize=1024%2C1024&amp;ssl=1 1024w, https:\/\/i0.wp.com\/playa.lu\/wp-content\/uploads\/2025\/10\/dj-traveltime.jpg?resize=150%2C150&amp;ssl=1 150w, https:\/\/i0.wp.com\/playa.lu\/wp-content\/uploads\/2025\/10\/dj-traveltime.jpg?resize=12%2C12&amp;ssl=1 12w, https:\/\/i0.wp.com\/playa.lu\/wp-content\/uploads\/2025\/10\/dj-traveltime.jpg?resize=600%2C600&amp;ssl=1 600w, https:\/\/i0.wp.com\/playa.lu\/wp-content\/uploads\/2025\/10\/dj-traveltime.jpg?resize=100%2C100&amp;ssl=1 100w, https:\/\/i0.wp.com\/playa.lu\/wp-content\/uploads\/2025\/10\/dj-traveltime.jpg?resize=800%2C800&amp;ssl=1 800w\" sizes=\"100vw\" \/>\t\t\t\t\t\t\t\t\t\t\t\t\t\t\t<\/div>\n\t\t\t\t<\/div>\n\t\t\t\t<div class=\"elementor-element elementor-element-0450b22 elementor-widget elementor-widget-image-box\" data-id=\"0450b22\" data-element_type=\"widget\" data-e-type=\"widget\" data-widget_type=\"image-box.default\">\n\t\t\t\t<div class=\"elementor-widget-container\">\n\t\t\t\t\t<div class=\"elementor-image-box-wrapper\"><div class=\"elementor-image-box-content\"><h3 class=\"elementor-image-box-title\">DJ Travel Time (resident)<\/h3><p class=\"elementor-image-box-description\">Reconnu pour son \u00e9nergie contagieuse et ses mixes fluides, Traveltime embarque le public dans un v\u00e9ritable voyage musical \u00e0 travers l\u2019Afro House, la Tech House et la Progressive House. Ses sets m\u00ealent rythmes profonds et grooves entra\u00eenants, offrant la bande-son parfaite pour les couchers de soleil et les nuits inoubliables au bord de la plage.\n\nAu Playa, chaque soir\u00e9e avec Traveltime est un voyage \u00e0 ne pas manquer.<\/p><\/div><\/div>\t\t\t\t<\/div>\n\t\t\t\t<\/div>\n\t\t\t\t<div class=\"elementor-element elementor-element-bbf356d elementor-shape-rounded elementor-grid-0 e-grid-align-center elementor-widget elementor-widget-social-icons\" data-id=\"bbf356d\" data-element_type=\"widget\" data-e-type=\"widget\" data-widget_type=\"social-icons.default\">\n\t\t\t\t<div class=\"elementor-widget-container\">\n\t\t\t\t\t\t\t<div class=\"elementor-social-icons-wrapper elementor-grid\" role=\"list\">\n\t\t\t\t\t\t\t<span class=\"elementor-grid-item\" role=\"listitem\">\n\t\t\t\t\t<a class=\"elementor-icon elementor-social-icon elementor-social-icon-instagram elementor-repeater-item-9c4bef4\" href=\"https:\/\/www.instagram.com\/pablomimdj7?utm_source=qr&#038;igsh=Y281aWR0OTVreTdk\" target=\"_blank\">\n\t\t\t\t\t\t<span class=\"elementor-screen-only\">Instagram<\/span>\n\t\t\t\t\t\t<svg aria-hidden=\"true\" class=\"e-font-icon-svg e-fab-instagram\" viewbox=\"0 0 448 512\" xmlns=\"http:\/\/www.w3.org\/2000\/svg\"><path d=\"M224.1 141c-63.6 0-114.9 51.3-114.9 114.9s51.3 114.9 114.9 114.9S339 319.5 339 255.9 287.7 141 224.1 141zm0 189.6c-41.1 0-74.7-33.5-74.7-74.7s33.5-74.7 74.7-74.7 74.7 33.5 74.7 74.7-33.6 74.7-74.7 74.7zm146.4-194.3c0 14.9-12 26.8-26.8 26.8-14.9 0-26.8-12-26.8-26.8s12-26.8 26.8-26.8 26.8 12 26.8 26.8zm76.1 27.2c-1.7-35.9-9.9-67.7-36.2-93.9-26.2-26.2-58-34.4-93.9-36.2-37-2.1-147.9-2.1-184.9 0-35.8 1.7-67.6 9.9-93.9 36.1s-34.4 58-36.2 93.9c-2.1 37-2.1 147.9 0 184.9 1.7 35.9 9.9 67.7 36.2 93.9s58 34.4 93.9 36.2c37 2.1 147.9 2.1 184.9 0 35.9-1.7 67.7-9.9 93.9-36.2 26.2-26.2 34.4-58 36.2-93.9 2.1-37 2.1-147.8 0-184.8zM398.8 388c-7.8 19.6-22.9 34.7-42.6 42.6-29.5 11.7-99.5 9-132.1 9s-102.7 2.6-132.1-9c-19.6-7.8-34.7-22.9-42.6-42.6-11.7-29.5-9-99.5-9-132.1s-2.6-102.7 9-132.1c7.8-19.6 22.9-34.7 42.6-42.6 29.5-11.7 99.5-9 132.1-9s102.7-2.6 132.1 9c19.6 7.8 34.7 22.9 42.6 42.6 11.7 29.5 9 99.5 9 132.1s2.7 102.7-9 132.1z\"><\/path><\/svg>\t\t\t\t\t<\/a>\n\t\t\t\t<\/span>\n\t\t\t\t\t\t\t<span class=\"elementor-grid-item\" role=\"listitem\">\n\t\t\t\t\t<a class=\"elementor-icon elementor-social-icon elementor-social-icon-soundcloud elementor-repeater-item-808a6cd\" href=\"https:\/\/on.soundcloud.com\/kZhhh4UEjyFN7r1MH6\" target=\"_blank\">\n\t\t\t\t\t\t<span class=\"elementor-screen-only\">Soundcloud<\/span>\n\t\t\t\t\t\t<svg aria-hidden=\"true\" class=\"e-font-icon-svg e-fab-soundcloud\" viewbox=\"0 0 640 512\" xmlns=\"http:\/\/www.w3.org\/2000\/svg\"><path d=\"M111.4 256.3l5.8 65-5.8 68.3c-.3 2.5-2.2 4.4-4.4 4.4s-4.2-1.9-4.2-4.4l-5.6-68.3 5.6-65c0-2.2 1.9-4.2 4.2-4.2 2.2 0 4.1 2 4.4 4.2zm21.4-45.6c-2.8 0-4.7 2.2-5 5l-5 105.6 5 68.3c.3 2.8 2.2 5 5 5 2.5 0 4.7-2.2 4.7-5l5.8-68.3-5.8-105.6c0-2.8-2.2-5-4.7-5zm25.5-24.1c-3.1 0-5.3 2.2-5.6 5.3l-4.4 130 4.4 67.8c.3 3.1 2.5 5.3 5.6 5.3 2.8 0 5.3-2.2 5.3-5.3l5.3-67.8-5.3-130c0-3.1-2.5-5.3-5.3-5.3zM7.2 283.2c-1.4 0-2.2 1.1-2.5 2.5L0 321.3l4.7 35c.3 1.4 1.1 2.5 2.5 2.5s2.2-1.1 2.5-2.5l5.6-35-5.6-35.6c-.3-1.4-1.1-2.5-2.5-2.5zm23.6-21.9c-1.4 0-2.5 1.1-2.5 2.5l-6.4 57.5 6.4 56.1c0 1.7 1.1 2.8 2.5 2.8s2.5-1.1 2.8-2.5l7.2-56.4-7.2-57.5c-.3-1.4-1.4-2.5-2.8-2.5zm25.3-11.4c-1.7 0-3.1 1.4-3.3 3.3L47 321.3l5.8 65.8c.3 1.7 1.7 3.1 3.3 3.1 1.7 0 3.1-1.4 3.1-3.1l6.9-65.8-6.9-68.1c0-1.9-1.4-3.3-3.1-3.3zm25.3-2.2c-1.9 0-3.6 1.4-3.6 3.6l-5.8 70 5.8 67.8c0 2.2 1.7 3.6 3.6 3.6s3.6-1.4 3.9-3.6l6.4-67.8-6.4-70c-.3-2.2-2-3.6-3.9-3.6zm241.4-110.9c-1.1-.8-2.8-1.4-4.2-1.4-2.2 0-4.2.8-5.6 1.9-1.9 1.7-3.1 4.2-3.3 6.7v.8l-3.3 176.7 1.7 32.5 1.7 31.7c.3 4.7 4.2 8.6 8.9 8.6s8.6-3.9 8.6-8.6l3.9-64.2-3.9-177.5c-.4-3-2-5.8-4.5-7.2zm-26.7 15.3c-1.4-.8-2.8-1.4-4.4-1.4s-3.1.6-4.4 1.4c-2.2 1.4-3.6 3.9-3.6 6.7l-.3 1.7-2.8 160.8s0 .3 3.1 65.6v.3c0 1.7.6 3.3 1.7 4.7 1.7 1.9 3.9 3.1 6.4 3.1 2.2 0 4.2-1.1 5.6-2.5 1.7-1.4 2.5-3.3 2.5-5.6l.3-6.7 3.1-58.6-3.3-162.8c-.3-2.8-1.7-5.3-3.9-6.7zm-111.4 22.5c-3.1 0-5.8 2.8-5.8 6.1l-4.4 140.6 4.4 67.2c.3 3.3 2.8 5.8 5.8 5.8 3.3 0 5.8-2.5 6.1-5.8l5-67.2-5-140.6c-.2-3.3-2.7-6.1-6.1-6.1zm376.7 62.8c-10.8 0-21.1 2.2-30.6 6.1-6.4-70.8-65.8-126.4-138.3-126.4-17.8 0-35 3.3-50.3 9.4-6.1 2.2-7.8 4.4-7.8 9.2v249.7c0 5 3.9 8.6 8.6 9.2h218.3c43.3 0 78.6-35 78.6-78.3.1-43.6-35.2-78.9-78.5-78.9zm-296.7-60.3c-4.2 0-7.5 3.3-7.8 7.8l-3.3 136.7 3.3 65.6c.3 4.2 3.6 7.5 7.8 7.5 4.2 0 7.5-3.3 7.5-7.5l3.9-65.6-3.9-136.7c-.3-4.5-3.3-7.8-7.5-7.8zm-53.6-7.8c-3.3 0-6.4 3.1-6.4 6.7l-3.9 145.3 3.9 66.9c.3 3.6 3.1 6.4 6.4 6.4 3.6 0 6.4-2.8 6.7-6.4l4.4-66.9-4.4-145.3c-.3-3.6-3.1-6.7-6.7-6.7zm26.7 3.4c-3.9 0-6.9 3.1-6.9 6.9L227 321.3l3.9 66.4c.3 3.9 3.1 6.9 6.9 6.9s6.9-3.1 6.9-6.9l4.2-66.4-4.2-141.7c0-3.9-3-6.9-6.9-6.9z\"><\/path><\/svg>\t\t\t\t\t<\/a>\n\t\t\t\t<\/span>\n\t\t\t\t\t<\/div>\n\t\t\t\t\t\t<\/div>\n\t\t\t\t<\/div>\n\t\t\t\t<div class=\"elementor-element elementor-element-6a39ff6 elementor-widget-divider--view-line elementor-widget elementor-widget-divider\" data-id=\"6a39ff6\" data-element_type=\"widget\" data-e-type=\"widget\" data-widget_type=\"divider.default\">\n\t\t\t\t<div class=\"elementor-widget-container\">\n\t\t\t\t\t\t\t<div class=\"elementor-divider\">\n\t\t\t<span class=\"elementor-divider-separator\">\n\t\t\t\t\t\t<\/span>\n\t\t<\/div>\n\t\t\t\t\t\t<\/div>\n\t\t\t\t<\/div>\n\t\t\t\t\t<\/div>\n\t\t\t\t<\/div>\n\t\t<div class=\"elementor-element elementor-element-d110ae4 e-flex e-con-boxed e-con e-parent\" data-id=\"d110ae4\" data-element_type=\"container\" data-e-type=\"container\">\n\t\t\t\t\t<div class=\"e-con-inner\">\n\t\t\t\t<div class=\"elementor-element elementor-element-8c6bba8 elementor-widget elementor-widget-image\" data-id=\"8c6bba8\" data-element_type=\"widget\" data-e-type=\"widget\" data-widget_type=\"image.default\">\n\t\t\t\t<div class=\"elementor-widget-container\">\n\t\t\t\t\t\t\t\t\t\t\t\t\t\t\t<img decoding=\"async\" width=\"624\" height=\"1024\" src=\"https:\/\/i0.wp.com\/playa.lu\/wp-content\/uploads\/2026\/02\/DJ-IRI.jpeg?fit=624%2C1024&amp;ssl=1\" class=\"attachment-large size-large wp-image-8422\" alt=\"\" srcset=\"https:\/\/i0.wp.com\/playa.lu\/wp-content\/uploads\/2026\/02\/DJ-IRI.jpeg?w=941&amp;ssl=1 941w, https:\/\/i0.wp.com\/playa.lu\/wp-content\/uploads\/2026\/02\/DJ-IRI.jpeg?resize=183%2C300&amp;ssl=1 183w, https:\/\/i0.wp.com\/playa.lu\/wp-content\/uploads\/2026\/02\/DJ-IRI.jpeg?resize=624%2C1024&amp;ssl=1 624w, https:\/\/i0.wp.com\/playa.lu\/wp-content\/uploads\/2026\/02\/DJ-IRI.jpeg?resize=7%2C12&amp;ssl=1 7w, https:\/\/i0.wp.com\/playa.lu\/wp-content\/uploads\/2026\/02\/DJ-IRI.jpeg?resize=936%2C1536&amp;ssl=1 936w, https:\/\/i0.wp.com\/playa.lu\/wp-content\/uploads\/2026\/02\/DJ-IRI.jpeg?resize=600%2C985&amp;ssl=1 600w\" sizes=\"100vw\" \/>\t\t\t\t\t\t\t\t\t\t\t\t\t\t\t<\/div>\n\t\t\t\t<\/div>\n\t\t\t\t<div class=\"elementor-element elementor-element-e100cf7 elementor-widget elementor-widget-image-box\" data-id=\"e100cf7\" data-element_type=\"widget\" data-e-type=\"widget\" data-widget_type=\"image-box.default\">\n\t\t\t\t<div class=\"elementor-widget-container\">\n\t\t\t\t\t<div class=\"elementor-image-box-wrapper\"><div class=\"elementor-image-box-content\"><h3 class=\"elementor-image-box-title\">DJ IRI RAM (resident)<\/h3><p class=\"elementor-image-box-description\">Iri, connu professionnellement sous le nom de RAM, est un DJ et cr\u00e9ateur d\u2019\u00e9v\u00e9nements bas\u00e9 au Luxembourg, actif depuis 1993, r\u00e9put\u00e9 pour ses sets \u00e9nergiques m\u00ealant techno, melodic house, deep, afro et progressive. Il s\u2019est produit dans de nombreux clubs en Europe et est le fondateur de RAM Events, o\u00f9 il con\u00e7oit des exp\u00e9riences immersives alliant musique \u00e9lectronique et ambiance unique. Depuis 2025, il est \u00e9galement membre du jury des Luxembourg Night Awards et b\u00e9n\u00e9ficie d\u2019une repr\u00e9sentation internationale par The NON Agency. Reconnu pour sa polyvalence et sa pr\u00e9sence sc\u00e9nique, RAM offre des performances uniques qui cr\u00e9ent une v\u00e9ritable connexion avec le public.<\/p><\/div><\/div>\t\t\t\t<\/div>\n\t\t\t\t<\/div>\n\t\t\t\t<div class=\"elementor-element elementor-element-8b8d4d8 elementor-shape-rounded elementor-grid-0 e-grid-align-center elementor-widget elementor-widget-social-icons\" data-id=\"8b8d4d8\" data-element_type=\"widget\" data-e-type=\"widget\" data-widget_type=\"social-icons.default\">\n\t\t\t\t<div class=\"elementor-widget-container\">\n\t\t\t\t\t\t\t<div class=\"elementor-social-icons-wrapper elementor-grid\" role=\"list\">\n\t\t\t\t\t\t\t<span class=\"elementor-grid-item\" role=\"listitem\">\n\t\t\t\t\t<a class=\"elementor-icon elementor-social-icon elementor-social-icon-facebook elementor-repeater-item-9c4bef4\" href=\"https:\/\/www.facebook.com\/iri.dosreis\" target=\"_blank\">\n\t\t\t\t\t\t<span class=\"elementor-screen-only\">Facebook<\/span>\n\t\t\t\t\t\t<svg aria-hidden=\"true\" class=\"e-font-icon-svg e-fab-facebook\" viewbox=\"0 0 512 512\" xmlns=\"http:\/\/www.w3.org\/2000\/svg\"><path d=\"M504 256C504 119 393 8 256 8S8 119 8 256c0 123.78 90.69 226.38 209.25 245V327.69h-63V256h63v-54.64c0-62.15 37-96.48 93.67-96.48 27.14 0 55.52 4.84 55.52 4.84v61h-31.28c-30.8 0-40.41 19.12-40.41 38.73V256h68.78l-11 71.69h-57.78V501C413.31 482.38 504 379.78 504 256z\"><\/path><\/svg>\t\t\t\t\t<\/a>\n\t\t\t\t<\/span>\n\t\t\t\t\t\t\t<span class=\"elementor-grid-item\" role=\"listitem\">\n\t\t\t\t\t<a class=\"elementor-icon elementor-social-icon elementor-social-icon-soundcloud elementor-repeater-item-808a6cd\" href=\"https:\/\/soundcloud.com\/iri-dos-reis?ref=clipboard&#038;p=i&#038;c=0&#038;si=7EB0C2F729114D3883C194DB152F2AE0&#038;utm_source=clipboard&#038;utm_medium=text&#038;utm_campaign=social_sharing\" target=\"_blank\">\n\t\t\t\t\t\t<span class=\"elementor-screen-only\">Soundcloud<\/span>\n\t\t\t\t\t\t<svg aria-hidden=\"true\" class=\"e-font-icon-svg e-fab-soundcloud\" viewbox=\"0 0 640 512\" xmlns=\"http:\/\/www.w3.org\/2000\/svg\"><path d=\"M111.4 256.3l5.8 65-5.8 68.3c-.3 2.5-2.2 4.4-4.4 4.4s-4.2-1.9-4.2-4.4l-5.6-68.3 5.6-65c0-2.2 1.9-4.2 4.2-4.2 2.2 0 4.1 2 4.4 4.2zm21.4-45.6c-2.8 0-4.7 2.2-5 5l-5 105.6 5 68.3c.3 2.8 2.2 5 5 5 2.5 0 4.7-2.2 4.7-5l5.8-68.3-5.8-105.6c0-2.8-2.2-5-4.7-5zm25.5-24.1c-3.1 0-5.3 2.2-5.6 5.3l-4.4 130 4.4 67.8c.3 3.1 2.5 5.3 5.6 5.3 2.8 0 5.3-2.2 5.3-5.3l5.3-67.8-5.3-130c0-3.1-2.5-5.3-5.3-5.3zM7.2 283.2c-1.4 0-2.2 1.1-2.5 2.5L0 321.3l4.7 35c.3 1.4 1.1 2.5 2.5 2.5s2.2-1.1 2.5-2.5l5.6-35-5.6-35.6c-.3-1.4-1.1-2.5-2.5-2.5zm23.6-21.9c-1.4 0-2.5 1.1-2.5 2.5l-6.4 57.5 6.4 56.1c0 1.7 1.1 2.8 2.5 2.8s2.5-1.1 2.8-2.5l7.2-56.4-7.2-57.5c-.3-1.4-1.4-2.5-2.8-2.5zm25.3-11.4c-1.7 0-3.1 1.4-3.3 3.3L47 321.3l5.8 65.8c.3 1.7 1.7 3.1 3.3 3.1 1.7 0 3.1-1.4 3.1-3.1l6.9-65.8-6.9-68.1c0-1.9-1.4-3.3-3.1-3.3zm25.3-2.2c-1.9 0-3.6 1.4-3.6 3.6l-5.8 70 5.8 67.8c0 2.2 1.7 3.6 3.6 3.6s3.6-1.4 3.9-3.6l6.4-67.8-6.4-70c-.3-2.2-2-3.6-3.9-3.6zm241.4-110.9c-1.1-.8-2.8-1.4-4.2-1.4-2.2 0-4.2.8-5.6 1.9-1.9 1.7-3.1 4.2-3.3 6.7v.8l-3.3 176.7 1.7 32.5 1.7 31.7c.3 4.7 4.2 8.6 8.9 8.6s8.6-3.9 8.6-8.6l3.9-64.2-3.9-177.5c-.4-3-2-5.8-4.5-7.2zm-26.7 15.3c-1.4-.8-2.8-1.4-4.4-1.4s-3.1.6-4.4 1.4c-2.2 1.4-3.6 3.9-3.6 6.7l-.3 1.7-2.8 160.8s0 .3 3.1 65.6v.3c0 1.7.6 3.3 1.7 4.7 1.7 1.9 3.9 3.1 6.4 3.1 2.2 0 4.2-1.1 5.6-2.5 1.7-1.4 2.5-3.3 2.5-5.6l.3-6.7 3.1-58.6-3.3-162.8c-.3-2.8-1.7-5.3-3.9-6.7zm-111.4 22.5c-3.1 0-5.8 2.8-5.8 6.1l-4.4 140.6 4.4 67.2c.3 3.3 2.8 5.8 5.8 5.8 3.3 0 5.8-2.5 6.1-5.8l5-67.2-5-140.6c-.2-3.3-2.7-6.1-6.1-6.1zm376.7 62.8c-10.8 0-21.1 2.2-30.6 6.1-6.4-70.8-65.8-126.4-138.3-126.4-17.8 0-35 3.3-50.3 9.4-6.1 2.2-7.8 4.4-7.8 9.2v249.7c0 5 3.9 8.6 8.6 9.2h218.3c43.3 0 78.6-35 78.6-78.3.1-43.6-35.2-78.9-78.5-78.9zm-296.7-60.3c-4.2 0-7.5 3.3-7.8 7.8l-3.3 136.7 3.3 65.6c.3 4.2 3.6 7.5 7.8 7.5 4.2 0 7.5-3.3 7.5-7.5l3.9-65.6-3.9-136.7c-.3-4.5-3.3-7.8-7.5-7.8zm-53.6-7.8c-3.3 0-6.4 3.1-6.4 6.7l-3.9 145.3 3.9 66.9c.3 3.6 3.1 6.4 6.4 6.4 3.6 0 6.4-2.8 6.7-6.4l4.4-66.9-4.4-145.3c-.3-3.6-3.1-6.7-6.7-6.7zm26.7 3.4c-3.9 0-6.9 3.1-6.9 6.9L227 321.3l3.9 66.4c.3 3.9 3.1 6.9 6.9 6.9s6.9-3.1 6.9-6.9l4.2-66.4-4.2-141.7c0-3.9-3-6.9-6.9-6.9z\"><\/path><\/svg>\t\t\t\t\t<\/a>\n\t\t\t\t<\/span>\n\t\t\t\t\t\t\t<span class=\"elementor-grid-item\" role=\"listitem\">\n\t\t\t\t\t<a class=\"elementor-icon elementor-social-icon elementor-social-icon-info elementor-repeater-item-a702756\" href=\"https:\/\/olith-artists.com\/?page_id=320\" target=\"_blank\">\n\t\t\t\t\t\t<span class=\"elementor-screen-only\">Info<\/span>\n\t\t\t\t\t\t<svg aria-hidden=\"true\" class=\"e-font-icon-svg e-fas-info\" viewbox=\"0 0 192 512\" xmlns=\"http:\/\/www.w3.org\/2000\/svg\"><path d=\"M20 424.229h20V279.771H20c-11.046 0-20-8.954-20-20V212c0-11.046 8.954-20 20-20h112c11.046 0 20 8.954 20 20v212.229h20c11.046 0 20 8.954 20 20V492c0 11.046-8.954 20-20 20H20c-11.046 0-20-8.954-20-20v-47.771c0-11.046 8.954-20 20-20zM96 0C56.235 0 24 32.235 24 72s32.235 72 72 72 72-32.235 72-72S135.764 0 96 0z\"><\/path><\/svg>\t\t\t\t\t<\/a>\n\t\t\t\t<\/span>\n\t\t\t\t\t<\/div>\n\t\t\t\t\t\t<\/div>\n\t\t\t\t<\/div>\n\t\t\t\t\t<\/div>\n\t\t\t\t<\/div>\n\t\t\t\t<\/div>","protected":false},"excerpt":{"rendered":"<p>DJ Travel Time (resident) Known for his infectious energy and seamless mixes, Traveltime takes the crowd on a musical journey through Afro House, Tech House, and Progressive House. His sets &hellip; <\/p>\n<p class=\"link-more\"><a href=\"https:\/\/playa.lu\/fr\/resident-djs-guests\/\" class=\"more-link\">Lire la suite de<span class=\"screen-reader-text\">\u00ab\u00a0Resident DJs &amp; Guests\u00a0\u00bb<\/span><\/a><\/p>","protected":false},"author":1,"featured_media":0,"parent":0,"menu_order":0,"comment_status":"closed","ping_status":"closed","template":"","meta":{"_price":"","_stock":"","_tribe_ticket_header":"","_tribe_default_ticket_provider":"","_ticket_start_date":"","_ticket_end_date":"","_tribe_ticket_show_description":"","_tribe_ticket_show_not_going":false,"_tribe_ticket_use_global_stock":"","_tribe_ticket_global_stock_level":"","_global_stock_mode":"","_global_stock_cap":"","_tribe_rsvp_for_event":"","_tribe_ticket_going_count":"","_tribe_ticket_not_going_count":"","_tribe_tickets_list":"[]","_tribe_ticket_has_attendee_info_fields":false,"inspiro_hide_title":false,"footnotes":"","_tec_slr_enabled":"","_tec_slr_layout":""},"class_list":["post-8365","page","type-page","status-publish","hentry"],"yoast_head":"<!-- This site is optimized with the Yoast SEO plugin v27.1.1 - https:\/\/yoast.com\/product\/yoast-seo-wordpress\/ -->\n<title>Resident DJs &amp; Guests - Playa Beach Club<\/title>\n<meta name=\"robots\" content=\"index, follow, max-snippet:-1, max-image-preview:large, max-video-preview:-1\" \/>\n<link rel=\"canonical\" href=\"https:\/\/playa.lu\/fr\/resident-djs-guests\/\" \/>\n<meta property=\"og:locale\" content=\"fr_FR\" \/>\n<meta property=\"og:type\" content=\"article\" \/>\n<meta property=\"og:title\" content=\"Resident DJs &amp; Guests - Playa Beach Club\" \/>\n<meta property=\"og:description\" content=\"DJ Travel Time (resident) Known for his infectious energy and seamless mixes, Traveltime takes the crowd on a musical journey through Afro House, Tech House, and Progressive House. His sets &hellip; Lire la suite de\u00ab\u00a0Resident DJs &amp; Guests\u00a0\u00bb\" \/>\n<meta property=\"og:url\" content=\"https:\/\/playa.lu\/fr\/resident-djs-guests\/\" \/>\n<meta property=\"og:site_name\" content=\"Playa Beach Club\" \/>\n<meta property=\"article:modified_time\" content=\"2026-02-13T15:21:54+00:00\" \/>\n<meta property=\"og:image\" content=\"http:\/\/playa.lu\/wp-content\/uploads\/2025\/10\/dj-traveltime-1024x1024.jpg\" \/>\n<meta name=\"twitter:card\" content=\"summary_large_image\" \/>\n<meta name=\"twitter:label1\" content=\"Dur\u00e9e de lecture estim\u00e9e\" \/>\n\t<meta name=\"twitter:data1\" content=\"2 minutes\" \/>\n<script type=\"application\/ld+json\" class=\"yoast-schema-graph\">{\"@context\":\"https:\/\/schema.org\",\"@graph\":[{\"@type\":\"WebPage\",\"@id\":\"https:\/\/playa.lu\/resident-djs-guests\/\",\"url\":\"https:\/\/playa.lu\/resident-djs-guests\/\",\"name\":\"Resident DJs &amp; Guests - Playa Beach Club\",\"isPartOf\":{\"@id\":\"https:\/\/playa.lu\/#website\"},\"primaryImageOfPage\":{\"@id\":\"https:\/\/playa.lu\/resident-djs-guests\/#primaryimage\"},\"image\":{\"@id\":\"https:\/\/playa.lu\/resident-djs-guests\/#primaryimage\"},\"thumbnailUrl\":\"http:\/\/playa.lu\/wp-content\/uploads\/2025\/10\/dj-traveltime-1024x1024.jpg\",\"datePublished\":\"2025-10-16T02:21:05+00:00\",\"dateModified\":\"2026-02-13T15:21:54+00:00\",\"breadcrumb\":{\"@id\":\"https:\/\/playa.lu\/resident-djs-guests\/#breadcrumb\"},\"inLanguage\":\"fr-FR\",\"potentialAction\":[{\"@type\":\"ReadAction\",\"target\":[\"https:\/\/playa.lu\/resident-djs-guests\/\"]}]},{\"@type\":\"ImageObject\",\"inLanguage\":\"fr-FR\",\"@id\":\"https:\/\/playa.lu\/resident-djs-guests\/#primaryimage\",\"url\":\"http:\/\/playa.lu\/wp-content\/uploads\/2025\/10\/dj-traveltime-1024x1024.jpg\",\"contentUrl\":\"http:\/\/playa.lu\/wp-content\/uploads\/2025\/10\/dj-traveltime-1024x1024.jpg\"},{\"@type\":\"BreadcrumbList\",\"@id\":\"https:\/\/playa.lu\/resident-djs-guests\/#breadcrumb\",\"itemListElement\":[{\"@type\":\"ListItem\",\"position\":1,\"name\":\"Home\",\"item\":\"https:\/\/playa.lu\/\"},{\"@type\":\"ListItem\",\"position\":2,\"name\":\"Resident DJs &amp; Guests\"}]},{\"@type\":\"WebSite\",\"@id\":\"https:\/\/playa.lu\/#website\",\"url\":\"https:\/\/playa.lu\/\",\"name\":\"Playa.lu\",\"description\":\"The New Beach Club in Luxembourg!\",\"publisher\":{\"@id\":\"https:\/\/playa.lu\/#organization\"},\"potentialAction\":[{\"@type\":\"SearchAction\",\"target\":{\"@type\":\"EntryPoint\",\"urlTemplate\":\"https:\/\/playa.lu\/?s={search_term_string}\"},\"query-input\":{\"@type\":\"PropertyValueSpecification\",\"valueRequired\":true,\"valueName\":\"search_term_string\"}}],\"inLanguage\":\"fr-FR\"},{\"@type\":\"Organization\",\"@id\":\"https:\/\/playa.lu\/#organization\",\"name\":\"Playa.lu\",\"url\":\"https:\/\/playa.lu\/\",\"logo\":{\"@type\":\"ImageObject\",\"inLanguage\":\"fr-FR\",\"@id\":\"https:\/\/playa.lu\/#\/schema\/logo\/image\/\",\"url\":\"http:\/\/playa.lu\/wp-content\/uploads\/2025\/03\/Asset-1.png\",\"contentUrl\":\"http:\/\/playa.lu\/wp-content\/uploads\/2025\/03\/Asset-1.png\",\"width\":415,\"height\":151,\"caption\":\"Playa.lu\"},\"image\":{\"@id\":\"https:\/\/playa.lu\/#\/schema\/logo\/image\/\"}}]}<\/script>\n<!-- \/ Yoast SEO plugin. -->","yoast_head_json":{"title":"Resident DJs &amp; Guests - Playa Beach Club","robots":{"index":"index","follow":"follow","max-snippet":"max-snippet:-1","max-image-preview":"max-image-preview:large","max-video-preview":"max-video-preview:-1"},"canonical":"https:\/\/playa.lu\/fr\/resident-djs-guests\/","og_locale":"fr_FR","og_type":"article","og_title":"Resident DJs &amp; Guests - Playa Beach Club","og_description":"DJ Travel Time (resident) Known for his infectious energy and seamless mixes, Traveltime takes the crowd on a musical journey through Afro House, Tech House, and Progressive House. His sets &hellip; Lire la suite de\u00ab\u00a0Resident DJs &amp; Guests\u00a0\u00bb","og_url":"https:\/\/playa.lu\/fr\/resident-djs-guests\/","og_site_name":"Playa Beach Club","article_modified_time":"2026-02-13T15:21:54+00:00","og_image":[{"url":"http:\/\/playa.lu\/wp-content\/uploads\/2025\/10\/dj-traveltime-1024x1024.jpg","type":"","width":"","height":""}],"twitter_card":"summary_large_image","twitter_misc":{"Dur\u00e9e de lecture estim\u00e9e":"2 minutes"},"schema":{"@context":"https:\/\/schema.org","@graph":[{"@type":"WebPage","@id":"https:\/\/playa.lu\/resident-djs-guests\/","url":"https:\/\/playa.lu\/resident-djs-guests\/","name":"Resident DJs &amp; Guests - Playa Beach Club","isPartOf":{"@id":"https:\/\/playa.lu\/#website"},"primaryImageOfPage":{"@id":"https:\/\/playa.lu\/resident-djs-guests\/#primaryimage"},"image":{"@id":"https:\/\/playa.lu\/resident-djs-guests\/#primaryimage"},"thumbnailUrl":"http:\/\/playa.lu\/wp-content\/uploads\/2025\/10\/dj-traveltime-1024x1024.jpg","datePublished":"2025-10-16T02:21:05+00:00","dateModified":"2026-02-13T15:21:54+00:00","breadcrumb":{"@id":"https:\/\/playa.lu\/resident-djs-guests\/#breadcrumb"},"inLanguage":"fr-FR","potentialAction":[{"@type":"ReadAction","target":["https:\/\/playa.lu\/resident-djs-guests\/"]}]},{"@type":"ImageObject","inLanguage":"fr-FR","@id":"https:\/\/playa.lu\/resident-djs-guests\/#primaryimage","url":"http:\/\/playa.lu\/wp-content\/uploads\/2025\/10\/dj-traveltime-1024x1024.jpg","contentUrl":"http:\/\/playa.lu\/wp-content\/uploads\/2025\/10\/dj-traveltime-1024x1024.jpg"},{"@type":"BreadcrumbList","@id":"https:\/\/playa.lu\/resident-djs-guests\/#breadcrumb","itemListElement":[{"@type":"ListItem","position":1,"name":"Home","item":"https:\/\/playa.lu\/"},{"@type":"ListItem","position":2,"name":"Resident DJs &amp; Guests"}]},{"@type":"WebSite","@id":"https:\/\/playa.lu\/#website","url":"https:\/\/playa.lu\/","name":"Playa.lu","description":"The New Beach Club in Luxembourg!","publisher":{"@id":"https:\/\/playa.lu\/#organization"},"potentialAction":[{"@type":"SearchAction","target":{"@type":"EntryPoint","urlTemplate":"https:\/\/playa.lu\/?s={search_term_string}"},"query-input":{"@type":"PropertyValueSpecification","valueRequired":true,"valueName":"search_term_string"}}],"inLanguage":"fr-FR"},{"@type":"Organization","@id":"https:\/\/playa.lu\/#organization","name":"Playa.lu","url":"https:\/\/playa.lu\/","logo":{"@type":"ImageObject","inLanguage":"fr-FR","@id":"https:\/\/playa.lu\/#\/schema\/logo\/image\/","url":"http:\/\/playa.lu\/wp-content\/uploads\/2025\/03\/Asset-1.png","contentUrl":"http:\/\/playa.lu\/wp-content\/uploads\/2025\/03\/Asset-1.png","width":415,"height":151,"caption":"Playa.lu"},"image":{"@id":"https:\/\/playa.lu\/#\/schema\/logo\/image\/"}}]}},"jetpack_sharing_enabled":true,"featured_media_urls":[],"ticketed":false,"_links":{"self":[{"href":"https:\/\/playa.lu\/fr\/wp-json\/wp\/v2\/pages\/8365","targetHints":{"allow":["GET"]}}],"collection":[{"href":"https:\/\/playa.lu\/fr\/wp-json\/wp\/v2\/pages"}],"about":[{"href":"https:\/\/playa.lu\/fr\/wp-json\/wp\/v2\/types\/page"}],"author":[{"embeddable":true,"href":"https:\/\/playa.lu\/fr\/wp-json\/wp\/v2\/users\/1"}],"replies":[{"embeddable":true,"href":"https:\/\/playa.lu\/fr\/wp-json\/wp\/v2\/comments?post=8365"}],"version-history":[{"count":14,"href":"https:\/\/playa.lu\/fr\/wp-json\/wp\/v2\/pages\/8365\/revisions"}],"predecessor-version":[{"id":8425,"href":"https:\/\/playa.lu\/fr\/wp-json\/wp\/v2\/pages\/8365\/revisions\/8425"}],"wp:attachment":[{"href":"https:\/\/playa.lu\/fr\/wp-json\/wp\/v2\/media?parent=8365"}],"curies":[{"name":"wp","href":"https:\/\/api.w.org\/{rel}","templated":true}]}}