{"id":5592,"date":"2016-12-05T09:17:34","date_gmt":"2016-12-05T09:17:34","guid":{"rendered":"https:\/\/demo.wpzoom.com\/inspiro\/?page_id=5592"},"modified":"2026-03-27T09:57:25","modified_gmt":"2026-03-27T08:57:25","slug":"about","status":"publish","type":"page","link":"https:\/\/playa.lu\/fr\/about\/","title":{"rendered":"\u00c0 Propos du Playa"},"content":{"rendered":"<div data-elementor-type=\"wp-page\" data-elementor-id=\"5592\" class=\"elementor elementor-5592\">\n\t\t\t\t\t\t<section class=\"elementor-section elementor-top-section elementor-element elementor-element-6dd5e545 elementor-section-boxed elementor-section-height-default elementor-section-height-default\" data-id=\"6dd5e545\" data-element_type=\"section\" data-e-type=\"section\">\n\t\t\t\t\t\t<div class=\"elementor-container elementor-column-gap-no\">\n\t\t\t\t\t<div class=\"elementor-column elementor-col-100 elementor-top-column elementor-element elementor-element-35934f08\" data-id=\"35934f08\" data-element_type=\"column\" data-e-type=\"column\">\n\t\t\t<div class=\"elementor-widget-wrap elementor-element-populated\">\n\t\t\t\t\t\t<section class=\"elementor-section elementor-inner-section elementor-element elementor-element-7a19ee1 elementor-section-full_width elementor-section-height-default elementor-section-height-default\" data-id=\"7a19ee1\" data-element_type=\"section\" data-e-type=\"section\">\n\t\t\t\t\t\t<div class=\"elementor-container elementor-column-gap-no\">\n\t\t\t\t\t<div class=\"elementor-column elementor-col-100 elementor-inner-column elementor-element elementor-element-371c4441\" data-id=\"371c4441\" data-element_type=\"column\" data-e-type=\"column\">\n\t\t\t<div class=\"elementor-widget-wrap elementor-element-populated\">\n\t\t\t\t\t\t<div class=\"elementor-element elementor-element-89ab21a elementor-widget elementor-widget-image\" data-id=\"89ab21a\" data-element_type=\"widget\" data-e-type=\"widget\" data-widget_type=\"image.default\">\n\t\t\t\t<div class=\"elementor-widget-container\">\n\t\t\t\t\t\t\t\t\t\t\t\t\t\t\t<img fetchpriority=\"high\" decoding=\"async\" width=\"768\" height=\"543\" src=\"https:\/\/i0.wp.com\/playa.lu\/wp-content\/uploads\/2025\/04\/playa-map-3.jpg?fit=768%2C543&amp;ssl=1\" class=\"attachment-medium_large size-medium_large wp-image-7082\" alt=\"\" srcset=\"https:\/\/i0.wp.com\/playa.lu\/wp-content\/uploads\/2025\/04\/playa-map-3.jpg?w=1191&amp;ssl=1 1191w, https:\/\/i0.wp.com\/playa.lu\/wp-content\/uploads\/2025\/04\/playa-map-3.jpg?resize=300%2C212&amp;ssl=1 300w, https:\/\/i0.wp.com\/playa.lu\/wp-content\/uploads\/2025\/04\/playa-map-3.jpg?resize=1024%2C724&amp;ssl=1 1024w, https:\/\/i0.wp.com\/playa.lu\/wp-content\/uploads\/2025\/04\/playa-map-3.jpg?resize=600%2C424&amp;ssl=1 600w, https:\/\/i0.wp.com\/playa.lu\/wp-content\/uploads\/2025\/04\/playa-map-3.jpg?resize=18%2C12&amp;ssl=1 18w\" sizes=\"100vw\" \/>\t\t\t\t\t\t\t\t\t\t\t\t\t\t\t<\/div>\n\t\t\t\t<\/div>\n\t\t\t\t<div class=\"elementor-element elementor-element-14e4796c elementor-widget elementor-widget-text-editor\" data-id=\"14e4796c\" data-element_type=\"widget\" data-e-type=\"widget\" data-widget_type=\"text-editor.default\">\n\t\t\t\t<div class=\"elementor-widget-container\">\n\t\t\t\t\t\t\t\t\t<p>PLAYA Beach Club fait vibrer l'\u00e2me de la plage au c\u0153ur du Luxembourg.\nQue vous cherchiez l'adresse parfaite pour d\u00e9compresser apr\u00e8s le bureau, un lieu de week-end anim\u00e9 ou une escapade dominicale en mode farniente, c'est ici que l'urbain \u00e9pouse les vagues.<\/p><p class=\"\" data-start=\"300\" data-end=\"565\">Savourez des cocktails rafra\u00eechissants, savourez des bi\u00e8res glac\u00e9es et d\u00e9couvrez des petites bouch\u00e9es inspir\u00e9es par les saveurs de la plage, le tout dans un cadre chaleureux et d\u00e9contract\u00e9.\nAvec un sol de sable doux, des espaces lounge con\u00e7us pour le confort et une playlist entra\u00eenante, PLAYA incarne l\u2019art de profiter de l\u2019instant, entre moments de plaisir et d\u00e9tente naturelle.<\/p><p class=\"\" data-start=\"567\" data-end=\"728\">Situ\u00e9 \u00e0 quelques minutes du centre-ville, PLAYA Beach Club est la destination pour vibrer au rythme des vagues, partager des rencontres chaleureuses et cr\u00e9er des souvenirs inoubliables.<\/p>\t\t\t\t\t\t\t\t<\/div>\n\t\t\t\t<\/div>\n\t\t\t\t<div class=\"elementor-element elementor-element-69f4b5a8 elementor-align-center elementor-widget elementor-widget-button\" data-id=\"69f4b5a8\" data-element_type=\"widget\" data-e-type=\"widget\" data-widget_type=\"button.default\">\n\t\t\t\t<div class=\"elementor-widget-container\">\n\t\t\t\t\t\t\t\t\t<div class=\"elementor-button-wrapper\">\n\t\t\t\t\t<a class=\"elementor-button elementor-button-link elementor-size-md\" href=\"https:\/\/playa.lu\/contact\/\">\n\t\t\t\t\t\t<span class=\"elementor-button-content-wrapper\">\n\t\t\t\t\t\t\t\t\t<span class=\"elementor-button-text\">Contactez-nous<\/span>\n\t\t\t\t\t<\/span>\n\t\t\t\t\t<\/a>\n\t\t\t\t<\/div>\n\t\t\t\t\t\t\t\t<\/div>\n\t\t\t\t<\/div>\n\t\t\t\t\t<\/div>\n\t\t<\/div>\n\t\t\t\t\t<\/div>\n\t\t<\/section>\n\t\t\t\t\t<\/div>\n\t\t<\/div>\n\t\t\t\t\t<\/div>\n\t\t<\/section>\n\t\t\t\t<\/div>","protected":false},"excerpt":{"rendered":"<p>PLAYA Beach Club brings the feeling of a day at the beach to Luxembourg. Whether you\u2019re looking for the\u00a0perfect spot to unwind after work, an amazing weekend hangout, or a &hellip; <\/p>\n<p class=\"link-more\"><a href=\"https:\/\/playa.lu\/fr\/about\/\" class=\"more-link\">Lire la suite de<span class=\"screen-reader-text\">\u00ab\u00a0About Playa\u00a0\u00bb<\/span><\/a><\/p>","protected":false},"author":1,"featured_media":0,"parent":0,"menu_order":0,"comment_status":"closed","ping_status":"closed","template":"page-templates\/full-width-builder-bb.php","meta":{"_price":"","_stock":"","_tribe_ticket_header":"","_tribe_default_ticket_provider":"","_ticket_start_date":"","_ticket_end_date":"","_tribe_ticket_show_description":"","_tribe_ticket_show_not_going":false,"_tribe_ticket_use_global_stock":"","_tribe_ticket_global_stock_level":"","_global_stock_mode":"","_global_stock_cap":"","_tribe_rsvp_for_event":"","_tribe_ticket_going_count":"","_tribe_ticket_not_going_count":"","_tribe_tickets_list":"[]","_tribe_ticket_has_attendee_info_fields":false,"inspiro_hide_title":false,"footnotes":"","_tec_slr_enabled":"","_tec_slr_layout":""},"class_list":["post-5592","page","type-page","status-publish","hentry"],"yoast_head":"<!-- This site is optimized with the Yoast SEO plugin v27.1.1 - https:\/\/yoast.com\/product\/yoast-seo-wordpress\/ -->\n<title>About Playa - Playa Beach Club<\/title>\n<meta name=\"robots\" content=\"index, follow, max-snippet:-1, max-image-preview:large, max-video-preview:-1\" \/>\n<link rel=\"canonical\" href=\"https:\/\/playa.lu\/fr\/about\/\" \/>\n<meta property=\"og:locale\" content=\"fr_FR\" \/>\n<meta property=\"og:type\" content=\"article\" \/>\n<meta property=\"og:title\" content=\"About Playa - Playa Beach Club\" \/>\n<meta property=\"og:description\" content=\"PLAYA Beach Club brings the feeling of a day at the beach to Luxembourg. Whether you\u2019re looking for the\u00a0perfect spot to unwind after work, an amazing weekend hangout, or a &hellip; Lire la suite de\u00ab\u00a0About Playa\u00a0\u00bb\" \/>\n<meta property=\"og:url\" content=\"https:\/\/playa.lu\/fr\/about\/\" \/>\n<meta property=\"og:site_name\" content=\"Playa Beach Club\" \/>\n<meta property=\"article:modified_time\" content=\"2026-03-27T08:57:25+00:00\" \/>\n<meta property=\"og:image\" content=\"http:\/\/playa.lu\/wp-content\/uploads\/2025\/04\/playa-map-3.jpg\" \/>\n<meta name=\"twitter:card\" content=\"summary_large_image\" \/>\n<meta name=\"twitter:label1\" content=\"Dur\u00e9e de lecture estim\u00e9e\" \/>\n\t<meta name=\"twitter:data1\" content=\"1 minute\" \/>\n<script type=\"application\/ld+json\" class=\"yoast-schema-graph\">{\"@context\":\"https:\/\/schema.org\",\"@graph\":[{\"@type\":\"WebPage\",\"@id\":\"https:\/\/playa.lu\/about\/\",\"url\":\"https:\/\/playa.lu\/about\/\",\"name\":\"About Playa - Playa Beach Club\",\"isPartOf\":{\"@id\":\"https:\/\/playa.lu\/#website\"},\"primaryImageOfPage\":{\"@id\":\"https:\/\/playa.lu\/about\/#primaryimage\"},\"image\":{\"@id\":\"https:\/\/playa.lu\/about\/#primaryimage\"},\"thumbnailUrl\":\"http:\/\/playa.lu\/wp-content\/uploads\/2025\/04\/playa-map-3.jpg\",\"datePublished\":\"2016-12-05T09:17:34+00:00\",\"dateModified\":\"2026-03-27T08:57:25+00:00\",\"breadcrumb\":{\"@id\":\"https:\/\/playa.lu\/about\/#breadcrumb\"},\"inLanguage\":\"fr-FR\",\"potentialAction\":[{\"@type\":\"ReadAction\",\"target\":[\"https:\/\/playa.lu\/about\/\"]}]},{\"@type\":\"ImageObject\",\"inLanguage\":\"fr-FR\",\"@id\":\"https:\/\/playa.lu\/about\/#primaryimage\",\"url\":\"http:\/\/playa.lu\/wp-content\/uploads\/2025\/04\/playa-map-3.jpg\",\"contentUrl\":\"http:\/\/playa.lu\/wp-content\/uploads\/2025\/04\/playa-map-3.jpg\"},{\"@type\":\"BreadcrumbList\",\"@id\":\"https:\/\/playa.lu\/about\/#breadcrumb\",\"itemListElement\":[{\"@type\":\"ListItem\",\"position\":1,\"name\":\"Home\",\"item\":\"https:\/\/playa.lu\/\"},{\"@type\":\"ListItem\",\"position\":2,\"name\":\"About Playa\"}]},{\"@type\":\"WebSite\",\"@id\":\"https:\/\/playa.lu\/#website\",\"url\":\"https:\/\/playa.lu\/\",\"name\":\"Playa.lu\",\"description\":\"The New Beach Club in Luxembourg!\",\"publisher\":{\"@id\":\"https:\/\/playa.lu\/#organization\"},\"potentialAction\":[{\"@type\":\"SearchAction\",\"target\":{\"@type\":\"EntryPoint\",\"urlTemplate\":\"https:\/\/playa.lu\/?s={search_term_string}\"},\"query-input\":{\"@type\":\"PropertyValueSpecification\",\"valueRequired\":true,\"valueName\":\"search_term_string\"}}],\"inLanguage\":\"fr-FR\"},{\"@type\":\"Organization\",\"@id\":\"https:\/\/playa.lu\/#organization\",\"name\":\"Playa.lu\",\"url\":\"https:\/\/playa.lu\/\",\"logo\":{\"@type\":\"ImageObject\",\"inLanguage\":\"fr-FR\",\"@id\":\"https:\/\/playa.lu\/#\/schema\/logo\/image\/\",\"url\":\"http:\/\/playa.lu\/wp-content\/uploads\/2025\/03\/Asset-1.png\",\"contentUrl\":\"http:\/\/playa.lu\/wp-content\/uploads\/2025\/03\/Asset-1.png\",\"width\":415,\"height\":151,\"caption\":\"Playa.lu\"},\"image\":{\"@id\":\"https:\/\/playa.lu\/#\/schema\/logo\/image\/\"}}]}<\/script>\n<!-- \/ Yoast SEO plugin. -->","yoast_head_json":{"title":"About Playa - Playa Beach Club","robots":{"index":"index","follow":"follow","max-snippet":"max-snippet:-1","max-image-preview":"max-image-preview:large","max-video-preview":"max-video-preview:-1"},"canonical":"https:\/\/playa.lu\/fr\/about\/","og_locale":"fr_FR","og_type":"article","og_title":"About Playa - Playa Beach Club","og_description":"PLAYA Beach Club brings the feeling of a day at the beach to Luxembourg. Whether you\u2019re looking for the\u00a0perfect spot to unwind after work, an amazing weekend hangout, or a &hellip; Lire la suite de\u00ab\u00a0About Playa\u00a0\u00bb","og_url":"https:\/\/playa.lu\/fr\/about\/","og_site_name":"Playa Beach Club","article_modified_time":"2026-03-27T08:57:25+00:00","og_image":[{"url":"http:\/\/playa.lu\/wp-content\/uploads\/2025\/04\/playa-map-3.jpg","type":"","width":"","height":""}],"twitter_card":"summary_large_image","twitter_misc":{"Dur\u00e9e de lecture estim\u00e9e":"1 minute"},"schema":{"@context":"https:\/\/schema.org","@graph":[{"@type":"WebPage","@id":"https:\/\/playa.lu\/about\/","url":"https:\/\/playa.lu\/about\/","name":"About Playa - Playa Beach Club","isPartOf":{"@id":"https:\/\/playa.lu\/#website"},"primaryImageOfPage":{"@id":"https:\/\/playa.lu\/about\/#primaryimage"},"image":{"@id":"https:\/\/playa.lu\/about\/#primaryimage"},"thumbnailUrl":"http:\/\/playa.lu\/wp-content\/uploads\/2025\/04\/playa-map-3.jpg","datePublished":"2016-12-05T09:17:34+00:00","dateModified":"2026-03-27T08:57:25+00:00","breadcrumb":{"@id":"https:\/\/playa.lu\/about\/#breadcrumb"},"inLanguage":"fr-FR","potentialAction":[{"@type":"ReadAction","target":["https:\/\/playa.lu\/about\/"]}]},{"@type":"ImageObject","inLanguage":"fr-FR","@id":"https:\/\/playa.lu\/about\/#primaryimage","url":"http:\/\/playa.lu\/wp-content\/uploads\/2025\/04\/playa-map-3.jpg","contentUrl":"http:\/\/playa.lu\/wp-content\/uploads\/2025\/04\/playa-map-3.jpg"},{"@type":"BreadcrumbList","@id":"https:\/\/playa.lu\/about\/#breadcrumb","itemListElement":[{"@type":"ListItem","position":1,"name":"Home","item":"https:\/\/playa.lu\/"},{"@type":"ListItem","position":2,"name":"About Playa"}]},{"@type":"WebSite","@id":"https:\/\/playa.lu\/#website","url":"https:\/\/playa.lu\/","name":"Playa.lu","description":"The New Beach Club in Luxembourg!","publisher":{"@id":"https:\/\/playa.lu\/#organization"},"potentialAction":[{"@type":"SearchAction","target":{"@type":"EntryPoint","urlTemplate":"https:\/\/playa.lu\/?s={search_term_string}"},"query-input":{"@type":"PropertyValueSpecification","valueRequired":true,"valueName":"search_term_string"}}],"inLanguage":"fr-FR"},{"@type":"Organization","@id":"https:\/\/playa.lu\/#organization","name":"Playa.lu","url":"https:\/\/playa.lu\/","logo":{"@type":"ImageObject","inLanguage":"fr-FR","@id":"https:\/\/playa.lu\/#\/schema\/logo\/image\/","url":"http:\/\/playa.lu\/wp-content\/uploads\/2025\/03\/Asset-1.png","contentUrl":"http:\/\/playa.lu\/wp-content\/uploads\/2025\/03\/Asset-1.png","width":415,"height":151,"caption":"Playa.lu"},"image":{"@id":"https:\/\/playa.lu\/#\/schema\/logo\/image\/"}}]}},"jetpack_sharing_enabled":true,"featured_media_urls":[],"ticketed":false,"_links":{"self":[{"href":"https:\/\/playa.lu\/fr\/wp-json\/wp\/v2\/pages\/5592","targetHints":{"allow":["GET"]}}],"collection":[{"href":"https:\/\/playa.lu\/fr\/wp-json\/wp\/v2\/pages"}],"about":[{"href":"https:\/\/playa.lu\/fr\/wp-json\/wp\/v2\/types\/page"}],"author":[{"embeddable":true,"href":"https:\/\/playa.lu\/fr\/wp-json\/wp\/v2\/users\/1"}],"replies":[{"embeddable":true,"href":"https:\/\/playa.lu\/fr\/wp-json\/wp\/v2\/comments?post=5592"}],"version-history":[{"count":9,"href":"https:\/\/playa.lu\/fr\/wp-json\/wp\/v2\/pages\/5592\/revisions"}],"predecessor-version":[{"id":8460,"href":"https:\/\/playa.lu\/fr\/wp-json\/wp\/v2\/pages\/5592\/revisions\/8460"}],"wp:attachment":[{"href":"https:\/\/playa.lu\/fr\/wp-json\/wp\/v2\/media?parent=5592"}],"curies":[{"name":"wp","href":"https:\/\/api.w.org\/{rel}","templated":true}]}}